{"id":149358,"date":"2021-08-06T05:35:31","date_gmt":"2021-08-06T09:35:31","guid":{"rendered":"https:\/\/en.tsc-stage.co\/learn\/tutoriales-y-formacion\/"},"modified":"2025-10-17T06:24:08","modified_gmt":"2025-10-17T10:24:08","slug":"tutoriales","status":"publish","type":"page","link":"https:\/\/es.tsc-stage.co\/learn\/tutoriales\/","title":{"rendered":"Tutoriales y formaci\u00f3n"},"content":{"rendered":"\n<p>Te guiaremos a trav\u00e9s de nuestros productos de forma totalmente gratuita con tutoriales, art\u00edculos de ayuda, seminarios web y mucho m\u00e1s.<\/p>\n","protected":false},"excerpt":{"rendered":"<p>Te guiaremos a trav\u00e9s de nuestros productos de forma totalmente gratuita con tutoriales, art\u00edculos de ayuda, seminarios web y mucho m\u00e1s.<\/p>\n","protected":false},"author":80,"featured_media":338480,"parent":0,"menu_order":0,"comment_status":"closed","ping_status":"closed","template":"tutorials-redesign.php","meta":{"_acf_changed":false,"footnotes":""},"folder":[],"class_list":["post-149358","page","type-page","status-publish","has-post-thumbnail","hentry"],"acf":[],"yoast_head":"<!-- This site is optimized with the Yoast SEO Premium plugin v23.4 (Yoast SEO v27.5) - https:\/\/yoast.com\/product\/yoast-seo-premium-wordpress\/ -->\n<title>| TechSmith<\/title>\n<meta name=\"description\" content=\"Te guiaremos a trav\u00e9s de nuestros productos de forma totalmente gratuita con tutoriales, art\u00edculos de ayuda, seminarios web y mucho m\u00e1s.\" \/>\n<meta name=\"robots\" content=\"noindex, follow, max-snippet:-1, max-image-preview:large, max-video-preview:-1\" \/>\n<meta property=\"og:locale\" content=\"es_ES\" \/>\n<meta property=\"og:type\" content=\"article\" \/>\n<meta property=\"og:title\" content=\"Tutoriales y formaci\u00f3n\" \/>\n<meta property=\"og:description\" content=\"Te guiaremos a trav\u00e9s de nuestros productos de forma totalmente gratuita con tutoriales, art\u00edculos de ayuda, seminarios web y mucho m\u00e1s.\" \/>\n<meta property=\"og:url\" content=\"https:\/\/es.tsc-stage.co\/learn\/tutoriales\/\" \/>\n<meta property=\"og:site_name\" content=\"TechSmith Learn\" \/>\n<meta property=\"article:modified_time\" content=\"2025-10-17T10:24:08+00:00\" \/>\n<meta property=\"og:image\" content=\"https:\/\/es.tsc-stage.co\/learn\/wp-content\/uploads\/2021\/08\/tutorials-icon-3d-37.png\" \/>\n\t<meta property=\"og:image:width\" content=\"694\" \/>\n\t<meta property=\"og:image:height\" content=\"446\" \/>\n\t<meta property=\"og:image:type\" content=\"image\/png\" \/>\n<meta name=\"twitter:card\" content=\"summary_large_image\" \/>\n<meta name=\"twitter:label1\" content=\"Est. reading time\" \/>\n\t<meta name=\"twitter:data1\" content=\"1 minute\" \/>\n<script type=\"application\/ld+json\" class=\"yoast-schema-graph\">{\"@context\":\"https:\\\/\\\/schema.org\",\"@graph\":[{\"@type\":\"WebPage\",\"@id\":\"https:\\\/\\\/es.tsc-stage.co\\\/learn\\\/tutoriales\\\/\",\"url\":\"https:\\\/\\\/es.tsc-stage.co\\\/learn\\\/tutoriales\\\/\",\"name\":\"| TechSmith\",\"isPartOf\":{\"@id\":\"https:\\\/\\\/es.tsc-stage.co\\\/learn\\\/#website\"},\"primaryImageOfPage\":{\"@id\":\"https:\\\/\\\/es.tsc-stage.co\\\/learn\\\/tutoriales\\\/#primaryimage\"},\"image\":{\"@id\":\"https:\\\/\\\/es.tsc-stage.co\\\/learn\\\/tutoriales\\\/#primaryimage\"},\"thumbnailUrl\":\"https:\\\/\\\/www.techsmith.com\\\/learn\\\/wp-content\\\/uploads\\\/2021\\\/08\\\/tutorials-icon-3d-37.png\",\"datePublished\":\"2021-08-06T09:35:31+00:00\",\"dateModified\":\"2025-10-17T10:24:08+00:00\",\"description\":\"Te guiaremos a trav\u00e9s de nuestros productos de forma totalmente gratuita con tutoriales, art\u00edculos de ayuda, seminarios web y mucho m\u00e1s.\",\"inLanguage\":\"es-ES\",\"potentialAction\":[{\"@type\":\"ReadAction\",\"target\":[\"https:\\\/\\\/es.tsc-stage.co\\\/learn\\\/tutoriales\\\/\"]}]},{\"@type\":\"ImageObject\",\"inLanguage\":\"es-ES\",\"@id\":\"https:\\\/\\\/es.tsc-stage.co\\\/learn\\\/tutoriales\\\/#primaryimage\",\"url\":\"https:\\\/\\\/www.techsmith.com\\\/learn\\\/wp-content\\\/uploads\\\/2021\\\/08\\\/tutorials-icon-3d-37.png\",\"contentUrl\":\"https:\\\/\\\/www.techsmith.com\\\/learn\\\/wp-content\\\/uploads\\\/2021\\\/08\\\/tutorials-icon-3d-37.png\",\"width\":694,\"height\":446},{\"@type\":\"WebSite\",\"@id\":\"https:\\\/\\\/es.tsc-stage.co\\\/learn\\\/#website\",\"url\":\"https:\\\/\\\/es.tsc-stage.co\\\/learn\\\/\",\"name\":\"TechSmith Learn\",\"description\":\"Show What You Know\",\"publisher\":{\"@id\":\"https:\\\/\\\/es.tsc-stage.co\\\/learn\\\/#organization\"},\"potentialAction\":[{\"@type\":\"SearchAction\",\"target\":{\"@type\":\"EntryPoint\",\"urlTemplate\":\"https:\\\/\\\/es.tsc-stage.co\\\/learn\\\/?s={search_term_string}\"},\"query-input\":{\"@type\":\"PropertyValueSpecification\",\"valueRequired\":true,\"valueName\":\"search_term_string\"}}],\"inLanguage\":\"es-ES\"},{\"@type\":\"Organization\",\"@id\":\"https:\\\/\\\/es.tsc-stage.co\\\/learn\\\/#organization\",\"name\":\"TechSmith Corporation\",\"url\":\"https:\\\/\\\/es.tsc-stage.co\\\/learn\\\/\",\"logo\":{\"@type\":\"ImageObject\",\"inLanguage\":\"es-ES\",\"@id\":\"https:\\\/\\\/es.tsc-stage.co\\\/learn\\\/#\\\/schema\\\/logo\\\/image\\\/\",\"url\":\"https:\\\/\\\/www.techsmith.com\\\/learn\\\/wp-content\\\/uploads\\\/2021\\\/09\\\/techsmith-logo.png\",\"contentUrl\":\"https:\\\/\\\/www.techsmith.com\\\/learn\\\/wp-content\\\/uploads\\\/2021\\\/09\\\/techsmith-logo.png\",\"width\":1307,\"height\":390,\"caption\":\"TechSmith Corporation\"},\"image\":{\"@id\":\"https:\\\/\\\/es.tsc-stage.co\\\/learn\\\/#\\\/schema\\\/logo\\\/image\\\/\"}}]}<\/script>\n<!-- \/ Yoast SEO Premium plugin. -->","yoast_head_json":{"title":"| TechSmith","description":"Te guiaremos a trav\u00e9s de nuestros productos de forma totalmente gratuita con tutoriales, art\u00edculos de ayuda, seminarios web y mucho m\u00e1s.","robots":{"index":"noindex","follow":"follow","max-snippet":"max-snippet:-1","max-image-preview":"max-image-preview:large","max-video-preview":"max-video-preview:-1"},"og_locale":"es_ES","og_type":"article","og_title":"Tutoriales y formaci\u00f3n","og_description":"Te guiaremos a trav\u00e9s de nuestros productos de forma totalmente gratuita con tutoriales, art\u00edculos de ayuda, seminarios web y mucho m\u00e1s.","og_url":"https:\/\/es.tsc-stage.co\/learn\/tutoriales\/","og_site_name":"TechSmith Learn","article_modified_time":"2025-10-17T10:24:08+00:00","og_image":[{"width":694,"height":446,"url":"https:\/\/es.tsc-stage.co\/learn\/wp-content\/uploads\/2021\/08\/tutorials-icon-3d-37.png","type":"image\/png"}],"twitter_card":"summary_large_image","twitter_misc":{"Est. reading time":"1 minute"},"schema":{"@context":"https:\/\/schema.org","@graph":[{"@type":"WebPage","@id":"https:\/\/es.tsc-stage.co\/learn\/tutoriales\/","url":"https:\/\/es.tsc-stage.co\/learn\/tutoriales\/","name":"| TechSmith","isPartOf":{"@id":"https:\/\/es.tsc-stage.co\/learn\/#website"},"primaryImageOfPage":{"@id":"https:\/\/es.tsc-stage.co\/learn\/tutoriales\/#primaryimage"},"image":{"@id":"https:\/\/es.tsc-stage.co\/learn\/tutoriales\/#primaryimage"},"thumbnailUrl":"https:\/\/www.techsmith.com\/learn\/wp-content\/uploads\/2021\/08\/tutorials-icon-3d-37.png","datePublished":"2021-08-06T09:35:31+00:00","dateModified":"2025-10-17T10:24:08+00:00","description":"Te guiaremos a trav\u00e9s de nuestros productos de forma totalmente gratuita con tutoriales, art\u00edculos de ayuda, seminarios web y mucho m\u00e1s.","inLanguage":"es-ES","potentialAction":[{"@type":"ReadAction","target":["https:\/\/es.tsc-stage.co\/learn\/tutoriales\/"]}]},{"@type":"ImageObject","inLanguage":"es-ES","@id":"https:\/\/es.tsc-stage.co\/learn\/tutoriales\/#primaryimage","url":"https:\/\/www.techsmith.com\/learn\/wp-content\/uploads\/2021\/08\/tutorials-icon-3d-37.png","contentUrl":"https:\/\/www.techsmith.com\/learn\/wp-content\/uploads\/2021\/08\/tutorials-icon-3d-37.png","width":694,"height":446},{"@type":"WebSite","@id":"https:\/\/es.tsc-stage.co\/learn\/#website","url":"https:\/\/es.tsc-stage.co\/learn\/","name":"TechSmith Learn","description":"Show What You Know","publisher":{"@id":"https:\/\/es.tsc-stage.co\/learn\/#organization"},"potentialAction":[{"@type":"SearchAction","target":{"@type":"EntryPoint","urlTemplate":"https:\/\/es.tsc-stage.co\/learn\/?s={search_term_string}"},"query-input":{"@type":"PropertyValueSpecification","valueRequired":true,"valueName":"search_term_string"}}],"inLanguage":"es-ES"},{"@type":"Organization","@id":"https:\/\/es.tsc-stage.co\/learn\/#organization","name":"TechSmith Corporation","url":"https:\/\/es.tsc-stage.co\/learn\/","logo":{"@type":"ImageObject","inLanguage":"es-ES","@id":"https:\/\/es.tsc-stage.co\/learn\/#\/schema\/logo\/image\/","url":"https:\/\/www.techsmith.com\/learn\/wp-content\/uploads\/2021\/09\/techsmith-logo.png","contentUrl":"https:\/\/www.techsmith.com\/learn\/wp-content\/uploads\/2021\/09\/techsmith-logo.png","width":1307,"height":390,"caption":"TechSmith Corporation"},"image":{"@id":"https:\/\/es.tsc-stage.co\/learn\/#\/schema\/logo\/image\/"}}]}},"_links":{"self":[{"href":"https:\/\/es.tsc-stage.co\/learn\/wp-json\/wp\/v2\/pages\/149358","targetHints":{"allow":["GET"]}}],"collection":[{"href":"https:\/\/es.tsc-stage.co\/learn\/wp-json\/wp\/v2\/pages"}],"about":[{"href":"https:\/\/es.tsc-stage.co\/learn\/wp-json\/wp\/v2\/types\/page"}],"author":[{"embeddable":true,"href":"https:\/\/es.tsc-stage.co\/learn\/wp-json\/wp\/v2\/users\/80"}],"replies":[{"embeddable":true,"href":"https:\/\/es.tsc-stage.co\/learn\/wp-json\/wp\/v2\/comments?post=149358"}],"version-history":[{"count":3,"href":"https:\/\/es.tsc-stage.co\/learn\/wp-json\/wp\/v2\/pages\/149358\/revisions"}],"predecessor-version":[{"id":337058,"href":"https:\/\/es.tsc-stage.co\/learn\/wp-json\/wp\/v2\/pages\/149358\/revisions\/337058"}],"wp:featuredmedia":[{"embeddable":true,"href":"https:\/\/es.tsc-stage.co\/learn\/wp-json\/wp\/v2\/media\/338480"}],"wp:attachment":[{"href":"https:\/\/es.tsc-stage.co\/learn\/wp-json\/wp\/v2\/media?parent=149358"}],"wp:term":[{"taxonomy":"folder","embeddable":true,"href":"https:\/\/es.tsc-stage.co\/learn\/wp-json\/wp\/v2\/folder?post=149358"}],"curies":[{"name":"wp","href":"https:\/\/api.w.org\/{rel}","templated":true}]}}