{"id":149513,"date":"2021-08-09T07:52:00","date_gmt":"2021-08-09T11:52:00","guid":{"rendered":"https:\/\/en.tsc-stage.co\/learn\/tutoriales-y-formacion\/tutoriales-de-snagit-2022\/"},"modified":"2025-02-18T16:29:45","modified_gmt":"2025-02-18T21:29:45","slug":"snagit","status":"publish","type":"page","link":"https:\/\/es.tsc-stage.co\/learn\/tutoriales\/snagit\/","title":{"rendered":"Tutoriales de Snagit"},"content":{"rendered":"\n<p>Aprende c\u00f3mo utilizar Snagit. Empieza por los conceptos b\u00e1sicos o ampl\u00eda tus habilidades con nuestra lista completa de tutoriales. <\/p>\n","protected":false},"excerpt":{"rendered":"<p>Aprende c\u00f3mo utilizar Snagit. Empieza por los conceptos b\u00e1sicos o ampl\u00eda tus habilidades con nuestra lista completa de tutoriales.<\/p>\n","protected":false},"author":81,"featured_media":144797,"parent":149358,"menu_order":0,"comment_status":"closed","ping_status":"closed","template":"single-category.php","meta":{"_acf_changed":false,"footnotes":""},"folder":[],"class_list":["post-149513","page","type-page","status-publish","has-post-thumbnail","hentry"],"acf":[],"yoast_head":"<!-- This site is optimized with the Yoast SEO Premium plugin v23.4 (Yoast SEO v27.5) - https:\/\/yoast.com\/product\/yoast-seo-premium-wordpress\/ -->\n<title>Tutoriales de Snagit | TechSmith<\/title>\n<meta name=\"robots\" content=\"noindex, follow, max-snippet:-1, max-image-preview:large, max-video-preview:-1\" \/>\n<meta property=\"og:locale\" content=\"es_ES\" \/>\n<meta property=\"og:type\" content=\"article\" \/>\n<meta property=\"og:title\" content=\"Tutoriales de Snagit\" \/>\n<meta property=\"og:description\" content=\"Aprende c\u00f3mo utilizar Snagit. Empieza por los conceptos b\u00e1sicos o ampl\u00eda tus habilidades con nuestra lista completa de tutoriales.\" \/>\n<meta property=\"og:url\" content=\"https:\/\/es.tsc-stage.co\/learn\/tutoriales\/snagit\/\" \/>\n<meta property=\"og:site_name\" content=\"TechSmith Learn\" \/>\n<meta property=\"article:modified_time\" content=\"2025-02-18T21:29:45+00:00\" \/>\n<meta property=\"og:image\" content=\"https:\/\/en.tsc-stage.co\/learn\/wp-content\/uploads\/2021\/07\/snagit-icon-3d.png\" \/>\n\t<meta property=\"og:image:width\" content=\"694\" \/>\n\t<meta property=\"og:image:height\" content=\"446\" \/>\n\t<meta property=\"og:image:type\" content=\"image\/png\" \/>\n<meta name=\"twitter:card\" content=\"summary_large_image\" \/>\n<meta name=\"twitter:label1\" content=\"Est. reading time\" \/>\n\t<meta name=\"twitter:data1\" content=\"1 minute\" \/>\n<script type=\"application\/ld+json\" class=\"yoast-schema-graph\">{\"@context\":\"https:\\\/\\\/schema.org\",\"@graph\":[{\"@type\":\"WebPage\",\"@id\":\"https:\\\/\\\/es.tsc-stage.co\\\/learn\\\/tutoriales\\\/snagit\\\/\",\"url\":\"https:\\\/\\\/es.tsc-stage.co\\\/learn\\\/tutoriales\\\/snagit\\\/\",\"name\":\"Tutoriales de Snagit | TechSmith\",\"isPartOf\":{\"@id\":\"https:\\\/\\\/es.tsc-stage.co\\\/learn\\\/#website\"},\"primaryImageOfPage\":{\"@id\":\"https:\\\/\\\/es.tsc-stage.co\\\/learn\\\/tutoriales\\\/snagit\\\/#primaryimage\"},\"image\":{\"@id\":\"https:\\\/\\\/es.tsc-stage.co\\\/learn\\\/tutoriales\\\/snagit\\\/#primaryimage\"},\"thumbnailUrl\":\"https:\\\/\\\/www.techsmith.com\\\/learn\\\/wp-content\\\/uploads\\\/2021\\\/07\\\/snagit-icon-3d.png\",\"datePublished\":\"2021-08-09T11:52:00+00:00\",\"dateModified\":\"2025-02-18T21:29:45+00:00\",\"breadcrumb\":{\"@id\":\"https:\\\/\\\/es.tsc-stage.co\\\/learn\\\/tutoriales\\\/snagit\\\/#breadcrumb\"},\"inLanguage\":\"es-ES\",\"potentialAction\":[{\"@type\":\"ReadAction\",\"target\":[\"https:\\\/\\\/es.tsc-stage.co\\\/learn\\\/tutoriales\\\/snagit\\\/\"]}]},{\"@type\":\"ImageObject\",\"inLanguage\":\"es-ES\",\"@id\":\"https:\\\/\\\/es.tsc-stage.co\\\/learn\\\/tutoriales\\\/snagit\\\/#primaryimage\",\"url\":\"https:\\\/\\\/www.techsmith.com\\\/learn\\\/wp-content\\\/uploads\\\/2021\\\/07\\\/snagit-icon-3d.png\",\"contentUrl\":\"https:\\\/\\\/www.techsmith.com\\\/learn\\\/wp-content\\\/uploads\\\/2021\\\/07\\\/snagit-icon-3d.png\",\"width\":694,\"height\":446,\"caption\":\"3d Snagit icon\"},{\"@type\":\"BreadcrumbList\",\"@id\":\"https:\\\/\\\/es.tsc-stage.co\\\/learn\\\/tutoriales\\\/snagit\\\/#breadcrumb\",\"itemListElement\":[{\"@type\":\"ListItem\",\"position\":1,\"name\":\"Tutoriales y formaci\u00f3n\",\"item\":\"https:\\\/\\\/es.tsc-stage.co\\\/learn\\\/tutoriales\\\/\"},{\"@type\":\"ListItem\",\"position\":2,\"name\":\"Tutoriales de Snagit\"}]},{\"@type\":\"WebSite\",\"@id\":\"https:\\\/\\\/es.tsc-stage.co\\\/learn\\\/#website\",\"url\":\"https:\\\/\\\/es.tsc-stage.co\\\/learn\\\/\",\"name\":\"TechSmith Learn\",\"description\":\"Show What You Know\",\"publisher\":{\"@id\":\"https:\\\/\\\/es.tsc-stage.co\\\/learn\\\/#organization\"},\"potentialAction\":[{\"@type\":\"SearchAction\",\"target\":{\"@type\":\"EntryPoint\",\"urlTemplate\":\"https:\\\/\\\/es.tsc-stage.co\\\/learn\\\/?s={search_term_string}\"},\"query-input\":{\"@type\":\"PropertyValueSpecification\",\"valueRequired\":true,\"valueName\":\"search_term_string\"}}],\"inLanguage\":\"es-ES\"},{\"@type\":\"Organization\",\"@id\":\"https:\\\/\\\/es.tsc-stage.co\\\/learn\\\/#organization\",\"name\":\"TechSmith Corporation\",\"url\":\"https:\\\/\\\/es.tsc-stage.co\\\/learn\\\/\",\"logo\":{\"@type\":\"ImageObject\",\"inLanguage\":\"es-ES\",\"@id\":\"https:\\\/\\\/es.tsc-stage.co\\\/learn\\\/#\\\/schema\\\/logo\\\/image\\\/\",\"url\":\"https:\\\/\\\/www.techsmith.com\\\/learn\\\/wp-content\\\/uploads\\\/2021\\\/09\\\/techsmith-logo.png\",\"contentUrl\":\"https:\\\/\\\/www.techsmith.com\\\/learn\\\/wp-content\\\/uploads\\\/2021\\\/09\\\/techsmith-logo.png\",\"width\":1307,\"height\":390,\"caption\":\"TechSmith Corporation\"},\"image\":{\"@id\":\"https:\\\/\\\/es.tsc-stage.co\\\/learn\\\/#\\\/schema\\\/logo\\\/image\\\/\"}}]}<\/script>\n<!-- \/ Yoast SEO Premium plugin. -->","yoast_head_json":{"title":"Tutoriales de Snagit | TechSmith","robots":{"index":"noindex","follow":"follow","max-snippet":"max-snippet:-1","max-image-preview":"max-image-preview:large","max-video-preview":"max-video-preview:-1"},"og_locale":"es_ES","og_type":"article","og_title":"Tutoriales de Snagit","og_description":"Aprende c\u00f3mo utilizar Snagit. Empieza por los conceptos b\u00e1sicos o ampl\u00eda tus habilidades con nuestra lista completa de tutoriales.","og_url":"https:\/\/es.tsc-stage.co\/learn\/tutoriales\/snagit\/","og_site_name":"TechSmith Learn","article_modified_time":"2025-02-18T21:29:45+00:00","og_image":[{"width":694,"height":446,"url":"https:\/\/en.tsc-stage.co\/learn\/wp-content\/uploads\/2021\/07\/snagit-icon-3d.png","type":"image\/png"}],"twitter_card":"summary_large_image","twitter_misc":{"Est. reading time":"1 minute"},"schema":{"@context":"https:\/\/schema.org","@graph":[{"@type":"WebPage","@id":"https:\/\/es.tsc-stage.co\/learn\/tutoriales\/snagit\/","url":"https:\/\/es.tsc-stage.co\/learn\/tutoriales\/snagit\/","name":"Tutoriales de Snagit | TechSmith","isPartOf":{"@id":"https:\/\/es.tsc-stage.co\/learn\/#website"},"primaryImageOfPage":{"@id":"https:\/\/es.tsc-stage.co\/learn\/tutoriales\/snagit\/#primaryimage"},"image":{"@id":"https:\/\/es.tsc-stage.co\/learn\/tutoriales\/snagit\/#primaryimage"},"thumbnailUrl":"https:\/\/www.techsmith.com\/learn\/wp-content\/uploads\/2021\/07\/snagit-icon-3d.png","datePublished":"2021-08-09T11:52:00+00:00","dateModified":"2025-02-18T21:29:45+00:00","breadcrumb":{"@id":"https:\/\/es.tsc-stage.co\/learn\/tutoriales\/snagit\/#breadcrumb"},"inLanguage":"es-ES","potentialAction":[{"@type":"ReadAction","target":["https:\/\/es.tsc-stage.co\/learn\/tutoriales\/snagit\/"]}]},{"@type":"ImageObject","inLanguage":"es-ES","@id":"https:\/\/es.tsc-stage.co\/learn\/tutoriales\/snagit\/#primaryimage","url":"https:\/\/www.techsmith.com\/learn\/wp-content\/uploads\/2021\/07\/snagit-icon-3d.png","contentUrl":"https:\/\/www.techsmith.com\/learn\/wp-content\/uploads\/2021\/07\/snagit-icon-3d.png","width":694,"height":446,"caption":"3d Snagit icon"},{"@type":"BreadcrumbList","@id":"https:\/\/es.tsc-stage.co\/learn\/tutoriales\/snagit\/#breadcrumb","itemListElement":[{"@type":"ListItem","position":1,"name":"Tutoriales y formaci\u00f3n","item":"https:\/\/es.tsc-stage.co\/learn\/tutoriales\/"},{"@type":"ListItem","position":2,"name":"Tutoriales de Snagit"}]},{"@type":"WebSite","@id":"https:\/\/es.tsc-stage.co\/learn\/#website","url":"https:\/\/es.tsc-stage.co\/learn\/","name":"TechSmith Learn","description":"Show What You Know","publisher":{"@id":"https:\/\/es.tsc-stage.co\/learn\/#organization"},"potentialAction":[{"@type":"SearchAction","target":{"@type":"EntryPoint","urlTemplate":"https:\/\/es.tsc-stage.co\/learn\/?s={search_term_string}"},"query-input":{"@type":"PropertyValueSpecification","valueRequired":true,"valueName":"search_term_string"}}],"inLanguage":"es-ES"},{"@type":"Organization","@id":"https:\/\/es.tsc-stage.co\/learn\/#organization","name":"TechSmith Corporation","url":"https:\/\/es.tsc-stage.co\/learn\/","logo":{"@type":"ImageObject","inLanguage":"es-ES","@id":"https:\/\/es.tsc-stage.co\/learn\/#\/schema\/logo\/image\/","url":"https:\/\/www.techsmith.com\/learn\/wp-content\/uploads\/2021\/09\/techsmith-logo.png","contentUrl":"https:\/\/www.techsmith.com\/learn\/wp-content\/uploads\/2021\/09\/techsmith-logo.png","width":1307,"height":390,"caption":"TechSmith Corporation"},"image":{"@id":"https:\/\/es.tsc-stage.co\/learn\/#\/schema\/logo\/image\/"}}]}},"_links":{"self":[{"href":"https:\/\/es.tsc-stage.co\/learn\/wp-json\/wp\/v2\/pages\/149513","targetHints":{"allow":["GET"]}}],"collection":[{"href":"https:\/\/es.tsc-stage.co\/learn\/wp-json\/wp\/v2\/pages"}],"about":[{"href":"https:\/\/es.tsc-stage.co\/learn\/wp-json\/wp\/v2\/types\/page"}],"author":[{"embeddable":true,"href":"https:\/\/es.tsc-stage.co\/learn\/wp-json\/wp\/v2\/users\/81"}],"replies":[{"embeddable":true,"href":"https:\/\/es.tsc-stage.co\/learn\/wp-json\/wp\/v2\/comments?post=149513"}],"version-history":[{"count":2,"href":"https:\/\/es.tsc-stage.co\/learn\/wp-json\/wp\/v2\/pages\/149513\/revisions"}],"predecessor-version":[{"id":312052,"href":"https:\/\/es.tsc-stage.co\/learn\/wp-json\/wp\/v2\/pages\/149513\/revisions\/312052"}],"up":[{"embeddable":true,"href":"https:\/\/es.tsc-stage.co\/learn\/wp-json\/wp\/v2\/pages\/149358"}],"wp:featuredmedia":[{"embeddable":true,"href":"https:\/\/es.tsc-stage.co\/learn\/wp-json\/wp\/v2\/media\/144797"}],"wp:attachment":[{"href":"https:\/\/es.tsc-stage.co\/learn\/wp-json\/wp\/v2\/media?parent=149513"}],"wp:term":[{"taxonomy":"folder","embeddable":true,"href":"https:\/\/es.tsc-stage.co\/learn\/wp-json\/wp\/v2\/folder?post=149513"}],"curies":[{"name":"wp","href":"https:\/\/api.w.org\/{rel}","templated":true}]}}